{"id":67,"date":"2017-09-01T18:25:07","date_gmt":"2017-09-01T18:25:07","guid":{"rendered":"http:\/\/stiftung-literatur.de\/?page_id=67"},"modified":"2019-11-27T16:00:25","modified_gmt":"2019-11-27T16:00:25","slug":"foerderung","status":"publish","type":"page","link":"http:\/\/stiftung-literatur.de\/?page_id=67","title":{"rendered":"F\u00f6rderung"},"content":{"rendered":"<p><div class=\"fusion-fullwidth fullwidth-box fusion-builder-row-1 nonhundred-percent-fullwidth non-hundred-percent-height-scrolling\" style=\"background-color: rgba(255,255,255,0);background-position: center center;background-repeat: no-repeat;padding-top:0px;padding-right:0px;padding-bottom:0px;padding-left:0px;margin-bottom: 0px;margin-top: 0px;border-width: 0px 0px 0px 0px;border-color:#eae9e9;border-style:solid;\" ><div class=\"fusion-builder-row fusion-row\"><div class=\"fusion-layout-column fusion_builder_column fusion-builder-column-0 fusion_builder_column_1_1 1_1 fusion-one-full fusion-column-first fusion-column-last\" style=\"margin-top:0px;margin-bottom:20px;\"><div class=\"fusion-column-wrapper fusion-flex-column-wrapper-legacy\" style=\"background-position:left top;background-repeat:no-repeat;-webkit-background-size:cover;-moz-background-size:cover;-o-background-size:cover;background-size:cover;padding: 0px 0px 0px 0px;\"><style type=\"text\/css\"><\/style><div class=\"fusion-title title fusion-title-1 fusion-title-center fusion-title-text fusion-title-size-two\" style=\"margin-top:0px;margin-right:0px;margin-bottom:31px;margin-left:0px;\"><div class=\"title-sep-container title-sep-container-left\"><div class=\"title-sep sep-single sep-solid\" style=\"border-color:#e0dede;\"><\/div><\/div><h2 class=\"title-heading-center\" style=\"margin:0;\">F\u00d6RDERUNG<\/h2><div class=\"title-sep-container title-sep-container-right\"><div class=\"title-sep sep-single sep-solid\" style=\"border-color:#e0dede;\"><\/div><\/div><\/div><div class=\"fusion-clearfix\"><\/div><\/div><\/div><div class=\"fusion-layout-column fusion_builder_column fusion-builder-column-1 fusion_builder_column_1_1 1_1 fusion-one-full fusion-column-first fusion-column-last\" style=\"margin-top:0px;margin-bottom:20px;\"><div class=\"fusion-column-wrapper fusion-flex-column-wrapper-legacy\" style=\"background-position:left top;background-repeat:no-repeat;-webkit-background-size:cover;-moz-background-size:cover;-o-background-size:cover;background-size:cover;padding: 0px 0px 0px 0px;\"><span class=\" fusion-imageframe imageframe-none imageframe-1 hover-type-none\"><img decoding=\"async\" width=\"1100\" height=\"250\" title=\"Slider 3\" src=\"http:\/\/stiftung-literatur.de\/wp-content\/uploads\/2017\/09\/Slider-3-1.jpg\" class=\"img-responsive wp-image-177\" srcset=\"http:\/\/stiftung-literatur.de\/wp-content\/uploads\/2017\/09\/Slider-3-1-200x45.jpg 200w, http:\/\/stiftung-literatur.de\/wp-content\/uploads\/2017\/09\/Slider-3-1-400x91.jpg 400w, http:\/\/stiftung-literatur.de\/wp-content\/uploads\/2017\/09\/Slider-3-1-600x136.jpg 600w, http:\/\/stiftung-literatur.de\/wp-content\/uploads\/2017\/09\/Slider-3-1-800x182.jpg 800w, http:\/\/stiftung-literatur.de\/wp-content\/uploads\/2017\/09\/Slider-3-1.jpg 1100w\" sizes=\"(max-width: 800px) 100vw, 1100px\" \/><\/span><div class=\"fusion-clearfix\"><\/div><\/div><\/div><div class=\"fusion-layout-column fusion_builder_column fusion-builder-column-2 fusion_builder_column_1_1 1_1 fusion-one-full fusion-column-first fusion-column-last\" style=\"margin-top:0px;margin-bottom:20px;\"><div class=\"fusion-column-wrapper fusion-flex-column-wrapper-legacy\" style=\"background-position:left top;background-repeat:no-repeat;-webkit-background-size:cover;-moz-background-size:cover;-o-background-size:cover;background-size:cover;padding: 0px 0px 0px 0px;\"><div class=\"fusion-text fusion-text-1\"><p>F\u00f6rderrichtlinien der Stiftung Literatur<\/p>\n<p>Diese F\u00f6rderrichtlinien geben Auskunft \u00fcber die Voraussetzungen und den Ablauf der Bewerbung von der Anfrage bis hin zur F\u00f6rderung.<\/p>\n<p>Der Weg zur Bewilligung von F\u00f6rdermitteln ist bei der Stiftung Literatur generell zweistufig:<\/p>\n<ol>\n<li>F\u00f6rderanfrage<\/li>\n<li>Bewilligung\/Ablehnung<\/li>\n<\/ol>\n<p>Zu 1. F\u00f6rderanfrage:<\/p>\n<p>Zur Erleichterung der Selbsteinsch\u00e4tzung der Interessenten sind hier die Voraussetzungen f\u00fcr den ersten Schritt der F\u00f6rderanfrage beschrieben. Es kommen Autorinnen und Autoren in Betracht:<\/p>\n<ul>\n<li>die in deutscher Sprache schreiben<\/li>\n<li>deren Werk, das im Zentrum der Bewerbung steht, noch nicht ver\u00f6ffentlich wurde (weder online noch gedruckt)<\/li>\n<li>die sich der erz\u00e4hlenden Literatur widmen<\/li>\n<li>die sich inhaltlich mit politischen Fragestellungen besch\u00e4ftigen. Darunter verstehen wir literarische Werke, die aktuelle Macht-, Herrschafts- und\/oder Gesellschaftsverh\u00e4ltnisse darstellen, analysieren oder im Sinne von denkbaren positiven oder negativen Entwicklungen als Utopie \/ Dystopie verdeutlichen.<\/li>\n<li>die eine gr\u00f6\u00dfere literarische Veranstaltung (Festival, Literaturreihe, Symposium o.\u00e4.) mit erkennbar politischer Ausrichtung planen.<\/li>\n<\/ul>\n<p>Sind diese Voraussetzungen erf\u00fcllt, kann eine Anfrage an uns gestellt werden. Die Anfrage sollte folgende Angaben umfassen:<\/p>\n<ol>\n<li>Name, Anschrift, E-Mail-Adresse, Geburtsdatum<\/li>\n<li>Zusammenfassung des Inhalts bzw. Beschreibung des Projekts (ggf. mit Kalkulation) auf maximal zwei Normseiten (Expos\u00e9)<\/li>\n<li>Leseprobe von maximal zwanzig Normseiten (\u00e0 1800 Anschl\u00e4ge).<\/li>\n<\/ol>\n<p>Zu 2. Bewilligung\/Ablehnung:<\/p>\n<p>Nach Einreichung und eingehender Pr\u00fcfung der F\u00f6rderanfrage erhalten die F\u00f6rderkandidaten schnellstm\u00f6glich schriftlichen Bescheid, ob sie F\u00f6rdermittel erhalten oder ob ihr Antrag abgelehnt wurde. Der letztlich erfolgreiche F\u00f6rderkandidat\/ die \u2013kandidatin wird in dem positiven Bescheid \u00fcber H\u00f6he und Art der F\u00f6rderung informiert. \u00dcber die H\u00f6he der F\u00f6rdermittel und das Prozedere der Aussch\u00fcttung entscheidet die Stiftung unter W\u00fcrdigung des jeweiligen Einzelfalls und nach eigenem Ermessen. Die Kandidaten, die abgelehnt wurden, haben die M\u00f6glichkeit, sich ein weiteres Mal zu bewerben. Dabei ist das gleiche Prozedere zu durchlaufen, wobei es sich bei der einzureichenden Leseprobe bzw. dem Manuskript nicht um eine Umarbeitung des abgelehnten literarischen Werks handeln darf, sondern um etwas origin\u00e4r Neues. Das Gleiche gilt f\u00fcr die Organisation einer literarisch-politischen Veranstaltung. Eine institutionelle F\u00f6rderung ist nicht vorgesehen.<\/p>\n<p>F\u00f6rderrichtlinien der Stiftung Literatur f\u00fcr kranke oder anderweitig unverschuldet in Not geratene Autoren<\/p>\n<p>Der Weg zur Bewilligung von F\u00f6rdermitteln ist bei der Stiftung Literatur generell zweistufig:<\/p>\n<ol>\n<li>F\u00f6rderanfrage<\/li>\n<li>Bewilligung\/Ablehnung<\/li>\n<\/ol>\n<p>Zu 1. F\u00f6rderanfrage:<\/p>\n<p>Die Antragstellerin oder der Antragsteller (nur nat\u00fcrliche Personen, keine Institutionen), m\u00fcssen folgende Voraussetzungen erf\u00fcllen und belegen k\u00f6nnen, um ein Anfrageverfahren zu durchlaufen:<\/p>\n<ul>\n<li>schriftstellerische T\u00e4tigkeit, nachgewiesen durch mindestens ein im Buchhandel erschienenes Buch literarischen Zuschnitts in deutscher Sprache sowie<\/li>\n<li>Krankheit, darunter verstehen wir einen k\u00f6rperlichen, geistigen oder seelischen Zustand, der die Betroffene\/den Betroffenen auf die Hilfe anderer angewiesen sein l\u00e4sst (nachgewiesen durch den Tr\u00e4ger der unterst\u00fctzenden Einrichtung) oder unverschuldete materielle Notlage durch den dauerhaften Bezug von Sozialhilfe (nachgewiesen durch Bescheinigung der zust\u00e4ndigen Beh\u00f6rde)<\/li>\n<\/ul>\n<p>Die Anfrage soll folgende Informationen beinhalten:<\/p>\n<p>Name, Anschrift, E-Mail-Adresse, Geburtsdatum, Benennung der schriftstellerischen Bet\u00e4tigung und Begr\u00fcndung und Benennung des F\u00f6rderbedarfs auf maximal zwei DIN A4 Seiten. Belege m\u00fcssen bei diesem ersten Schritt noch nicht beigelegt werden.<\/p>\n<p><a href=\"http:\/\/stiftung-literatur.de\/wp-content\/uploads\/2019\/11\/191127-F\u00f6rderrichtlinien-der-Stiftung-Literatur-f\u00fcr-Homepage_\u00fcberarbeitet-1.pdf\">F\u00f6rderrichtlinien hier downloaden<\/a><\/p>\n<\/div><div class=\"fusion-clearfix\"><\/div><\/div><\/div><\/div><\/div><div class=\"fusion-fullwidth fullwidth-box fusion-builder-row-2 fusion-parallax-none nonhundred-percent-fullwidth non-hundred-percent-height-scrolling\" style=\"background-color: rgba(255,255,255,0);background-image: url(&quot;http:\/\/stiftung-literatur.de\/wp-content\/uploads\/2017\/09\/Slider-2-300x68.jpg&quot;);background-position: center center;background-repeat: no-repeat;padding-top:0px;padding-right:0px;padding-bottom:0px;padding-left:0px;margin-bottom: 0px;margin-top: 0px;border-width: 0px 0px 0px 0px;border-color:#eae9e9;border-style:solid;-webkit-background-size:cover;-moz-background-size:cover;-o-background-size:cover;background-size:cover;\" ><div class=\"fusion-builder-row fusion-row\"><\/div><\/div><\/p>\n","protected":false},"excerpt":{"rendered":"","protected":false},"author":1,"featured_media":0,"parent":0,"menu_order":0,"comment_status":"closed","ping_status":"closed","template":"","meta":{"footnotes":""},"class_list":["post-67","page","type-page","status-publish","hentry"],"_links":{"self":[{"href":"http:\/\/stiftung-literatur.de\/index.php?rest_route=\/wp\/v2\/pages\/67","targetHints":{"allow":["GET"]}}],"collection":[{"href":"http:\/\/stiftung-literatur.de\/index.php?rest_route=\/wp\/v2\/pages"}],"about":[{"href":"http:\/\/stiftung-literatur.de\/index.php?rest_route=\/wp\/v2\/types\/page"}],"author":[{"embeddable":true,"href":"http:\/\/stiftung-literatur.de\/index.php?rest_route=\/wp\/v2\/users\/1"}],"replies":[{"embeddable":true,"href":"http:\/\/stiftung-literatur.de\/index.php?rest_route=%2Fwp%2Fv2%2Fcomments&post=67"}],"version-history":[{"count":16,"href":"http:\/\/stiftung-literatur.de\/index.php?rest_route=\/wp\/v2\/pages\/67\/revisions"}],"predecessor-version":[{"id":280,"href":"http:\/\/stiftung-literatur.de\/index.php?rest_route=\/wp\/v2\/pages\/67\/revisions\/280"}],"wp:attachment":[{"href":"http:\/\/stiftung-literatur.de\/index.php?rest_route=%2Fwp%2Fv2%2Fmedia&parent=67"}],"curies":[{"name":"wp","href":"https:\/\/api.w.org\/{rel}","templated":true}]}}