{"id":18,"date":"2017-09-01T09:35:23","date_gmt":"2017-09-01T09:35:23","guid":{"rendered":"http:\/\/stiftung-literatur.de\/?page_id=18"},"modified":"2017-10-04T09:08:17","modified_gmt":"2017-10-04T09:08:17","slug":"themen-2","status":"publish","type":"page","link":"http:\/\/stiftung-literatur.de\/?page_id=18","title":{"rendered":"Ziele"},"content":{"rendered":"<div class=\"fusion-fullwidth fullwidth-box fusion-builder-row-1 nonhundred-percent-fullwidth non-hundred-percent-height-scrolling\" style=\"background-color: rgba(255,255,255,0);background-position: center center;background-repeat: no-repeat;padding-top:0px;padding-right:0px;padding-bottom:0px;padding-left:0px;margin-bottom: 0px;margin-top: 0px;border-width: 0px 0px 0px 0px;border-color:#eae9e9;border-style:solid;\" ><div class=\"fusion-builder-row fusion-row\"><div class=\"fusion-layout-column fusion_builder_column fusion-builder-column-0 fusion_builder_column_1_1 1_1 fusion-one-full fusion-column-first fusion-column-last\" style=\"margin-top:0px;margin-bottom:20px;\"><div class=\"fusion-column-wrapper fusion-flex-column-wrapper-legacy\" style=\"background-position:left top;background-repeat:no-repeat;-webkit-background-size:cover;-moz-background-size:cover;-o-background-size:cover;background-size:cover;padding: 0px 0px 0px 0px;\"><style type=\"text\/css\"><\/style><div class=\"fusion-title title fusion-title-1 fusion-title-center fusion-title-text fusion-title-size-two\" style=\"margin-top:0px;margin-right:0px;margin-bottom:31px;margin-left:0px;\"><div class=\"title-sep-container title-sep-container-left\"><div class=\"title-sep sep-single sep-solid\" style=\"border-color:#e0dede;\"><\/div><\/div><h2 class=\"title-heading-center\" style=\"margin:0;\">ZIELE<\/h2><div class=\"title-sep-container title-sep-container-right\"><div class=\"title-sep sep-single sep-solid\" style=\"border-color:#e0dede;\"><\/div><\/div><\/div><div class=\"fusion-clearfix\"><\/div><\/div><\/div><div class=\"fusion-layout-column fusion_builder_column fusion-builder-column-1 fusion_builder_column_1_1 1_1 fusion-one-full fusion-column-first fusion-column-last\" style=\"margin-top:0px;margin-bottom:20px;\"><div class=\"fusion-column-wrapper fusion-flex-column-wrapper-legacy\" style=\"background-position:left top;background-repeat:no-repeat;-webkit-background-size:cover;-moz-background-size:cover;-o-background-size:cover;background-size:cover;padding: 0px 0px 0px 0px;\"><span class=\" fusion-imageframe imageframe-none imageframe-1 hover-type-none\"><img decoding=\"async\" width=\"1100\" height=\"250\" title=\"Slider 2\" src=\"http:\/\/stiftung-literatur.de\/wp-content\/uploads\/2017\/09\/Slider-2-1.jpg\" class=\"img-responsive wp-image-176\" srcset=\"http:\/\/stiftung-literatur.de\/wp-content\/uploads\/2017\/09\/Slider-2-1-200x45.jpg 200w, http:\/\/stiftung-literatur.de\/wp-content\/uploads\/2017\/09\/Slider-2-1-400x91.jpg 400w, http:\/\/stiftung-literatur.de\/wp-content\/uploads\/2017\/09\/Slider-2-1-600x136.jpg 600w, http:\/\/stiftung-literatur.de\/wp-content\/uploads\/2017\/09\/Slider-2-1-800x182.jpg 800w, http:\/\/stiftung-literatur.de\/wp-content\/uploads\/2017\/09\/Slider-2-1.jpg 1100w\" sizes=\"(max-width: 800px) 100vw, 1100px\" \/><\/span><div class=\"fusion-clearfix\"><\/div><\/div><\/div><div class=\"fusion-layout-column fusion_builder_column fusion-builder-column-2 fusion_builder_column_1_1 1_1 fusion-one-full fusion-column-first fusion-column-last\" style=\"margin-top:0px;margin-bottom:20px;\"><div class=\"fusion-column-wrapper fusion-flex-column-wrapper-legacy\" style=\"background-position:left top;background-repeat:no-repeat;-webkit-background-size:cover;-moz-background-size:cover;-o-background-size:cover;background-size:cover;padding: 0px 0px 0px 0px;\"><div class=\"fusion-text fusion-text-1\"><p style=\"text-align: justify;\">\u201eDas Ziel ist: begabte junge Autoren zu f\u00f6rdern und alte unverschuldet in Not geratene Autoren Schriftstellerinnen und Autoren abzusichern.\u201c<\/p>\n<p style=\"text-align: justify;\">Mit diesen Worten hat der Stifter seine Motivation f\u00fcr die Gr\u00fcndung der <em>Stiftung Literatur<\/em> beschrieben.<\/p>\n<p style=\"text-align: justify;\">Uns ist allerdings bewusst, dass die Ressourcen jeder Stiftung endlich sind. Selbst in einem klar umrissenen Bet\u00e4tigungsfeld wie der Literatur, m\u00fcssen diejenigen scheitern, die alles und jeden f\u00f6rdern m\u00f6chten.<\/p>\n<p style=\"text-align: justify;\">In diesem Bewusstsein, haben wir die beiden Lebensthemen des Stifters \u2013 Literatur und Politik \u2013 zusammengef\u00fchrt und uns der F\u00f6rderung der politischen Literatur und Ihrer Verfasserinnen und Verfasser verschrieben.<\/p>\n<p style=\"text-align: justify;\">Beschr\u00e4nken m\u00f6chten wir uns dabei auf erz\u00e4hlende Dichtung. Politisch bedeutet f\u00fcr uns, dass historische und aktuelle Macht-, Herrschafts- und\/oder Gesellschaftsverh\u00e4ltnisse dargestellt, kritisiert oder im Sinne von denkbaren positiven oder negativen Entwicklungen als Utopie verdeutlicht werden.<\/p>\n<p style=\"text-align: justify;\">Unser zweites Ziel und sog. mildt\u00e4tiger Stiftungszweck ist die F\u00f6rderung von kranken oder anderen unverschuldet in Not geratenen Autorinnen und Autoren. Speziell m\u00f6chten wir diejenigen unterst\u00fctzen, die Hilfe ben\u00f6tigen, weil sie unverschuldet in Probleme geraten sind, die sie aus eigener Kraft nicht oder nur sehr schwer bew\u00e4ltigen k\u00f6nnen.<\/p>\n<p style=\"text-align: justify;\">Unsere F\u00f6rderrichtlinien finden sie <a href=\"http:\/\/stiftung-literatur.de\/wp-content\/uploads\/2017\/09\/F\u00f6rderrichtlinien-der-Stiftung-Literatur-f\u00fcr-Homepage.pdf\"><u>hier<\/u><\/a>.<\/p>\n<\/div><div class=\"fusion-clearfix\"><\/div><\/div><\/div><\/div><\/div>\n","protected":false},"excerpt":{"rendered":"","protected":false},"author":1,"featured_media":0,"parent":0,"menu_order":0,"comment_status":"closed","ping_status":"closed","template":"","meta":{"footnotes":""},"class_list":["post-18","page","type-page","status-publish","hentry"],"_links":{"self":[{"href":"http:\/\/stiftung-literatur.de\/index.php?rest_route=\/wp\/v2\/pages\/18","targetHints":{"allow":["GET"]}}],"collection":[{"href":"http:\/\/stiftung-literatur.de\/index.php?rest_route=\/wp\/v2\/pages"}],"about":[{"href":"http:\/\/stiftung-literatur.de\/index.php?rest_route=\/wp\/v2\/types\/page"}],"author":[{"embeddable":true,"href":"http:\/\/stiftung-literatur.de\/index.php?rest_route=\/wp\/v2\/users\/1"}],"replies":[{"embeddable":true,"href":"http:\/\/stiftung-literatur.de\/index.php?rest_route=%2Fwp%2Fv2%2Fcomments&post=18"}],"version-history":[{"count":12,"href":"http:\/\/stiftung-literatur.de\/index.php?rest_route=\/wp\/v2\/pages\/18\/revisions"}],"predecessor-version":[{"id":184,"href":"http:\/\/stiftung-literatur.de\/index.php?rest_route=\/wp\/v2\/pages\/18\/revisions\/184"}],"wp:attachment":[{"href":"http:\/\/stiftung-literatur.de\/index.php?rest_route=%2Fwp%2Fv2%2Fmedia&parent=18"}],"curies":[{"name":"wp","href":"https:\/\/api.w.org\/{rel}","templated":true}]}}