{"id":14,"date":"2017-09-01T09:33:22","date_gmt":"2017-09-01T09:33:22","guid":{"rendered":"http:\/\/stiftung-literatur.de\/?page_id=14"},"modified":"2019-12-06T09:08:51","modified_gmt":"2019-12-06T09:08:51","slug":"presse","status":"publish","type":"page","link":"http:\/\/stiftung-literatur.de\/?page_id=14","title":{"rendered":"Autoren"},"content":{"rendered":"<div class=\"fusion-fullwidth fullwidth-box fusion-builder-row-1 nonhundred-percent-fullwidth non-hundred-percent-height-scrolling\" style=\"background-color: rgba(255,255,255,0);background-position: center center;background-repeat: no-repeat;padding-top:0px;padding-right:0px;padding-bottom:0px;padding-left:0px;margin-bottom: 0px;margin-top: 0px;border-width: 0px 0px 0px 0px;border-color:#eae9e9;border-style:solid;\" ><div class=\"fusion-builder-row fusion-row\"><div class=\"fusion-layout-column fusion_builder_column fusion-builder-column-0 fusion_builder_column_1_1 1_1 fusion-one-full fusion-column-first fusion-column-last\" style=\"margin-top:0px;margin-bottom:0px;\"><div class=\"fusion-column-wrapper fusion-flex-column-wrapper-legacy\" style=\"background-position:left top;background-repeat:no-repeat;-webkit-background-size:cover;-moz-background-size:cover;-o-background-size:cover;background-size:cover;padding: 0px 0px 0px 0px;\"><style type=\"text\/css\"><\/style><div class=\"fusion-title title fusion-title-1 fusion-title-center fusion-title-text fusion-title-size-two\" style=\"margin-top:0px;margin-right:0px;margin-bottom:31px;margin-left:0px;\"><div class=\"title-sep-container title-sep-container-left\"><div class=\"title-sep sep-single sep-solid\" style=\"border-color:#e0dede;\"><\/div><\/div><h2 class=\"title-heading-center\" style=\"margin:0;\">AUTOREN<\/h2><div class=\"title-sep-container title-sep-container-right\"><div class=\"title-sep sep-single sep-solid\" style=\"border-color:#e0dede;\"><\/div><\/div><\/div><div class=\"fusion-clearfix\"><\/div><\/div><\/div><div class=\"fusion-layout-column fusion_builder_column fusion-builder-column-1 fusion_builder_column_1_1 1_1 fusion-one-full fusion-column-first fusion-column-last\" style=\"margin-top:0px;margin-bottom:0px;\"><div class=\"fusion-column-wrapper fusion-flex-column-wrapper-legacy\" style=\"background-position:left top;background-repeat:no-repeat;-webkit-background-size:cover;-moz-background-size:cover;-o-background-size:cover;background-size:cover;padding: 0px 0px 0px 0px;\"><div class=\"fusion-text fusion-text-1\"><h2 style=\"text-align: center;\">Die Stiftung Literatur hat bisher die folgenden Autoren\/-innen gef\u00f6rdert<\/h2>\n<\/div><div class=\"fusion-clearfix\"><\/div><\/div><\/div><div class=\"fusion-layout-column fusion_builder_column fusion-builder-column-2 fusion_builder_column_1_1 1_1 fusion-one-full fusion-column-first fusion-column-last\" style=\"margin-top:0px;margin-bottom:0px;\"><div class=\"fusion-column-wrapper fusion-flex-column-wrapper-legacy\" style=\"background-position:left top;background-repeat:no-repeat;-webkit-background-size:cover;-moz-background-size:cover;-o-background-size:cover;background-size:cover;padding: 0px 0px 0px 0px;\"><div class=\"fusion-text fusion-text-2\"><\/div><span class=\" fusion-imageframe imageframe-none imageframe-1 hover-type-none\" style=\"width:100%;max-width:200;\"><img decoding=\"async\" width=\"297\" height=\"300\" title=\"Off\" src=\"http:\/\/stiftung-literatur.de\/wp-content\/uploads\/2019\/12\/Off-297x300.jpg\" class=\"img-responsive wp-image-297\" srcset=\"http:\/\/stiftung-literatur.de\/wp-content\/uploads\/2019\/12\/Off-200x202.jpg 200w, http:\/\/stiftung-literatur.de\/wp-content\/uploads\/2019\/12\/Off.jpg 354w\" sizes=\"(max-width: 800px) 100vw, 297px\" \/><\/span><div class=\"fusion-text fusion-text-3\"><p><strong>Jan Off <\/strong>(Foto: Lucja Romanowska)<strong><br \/>\n<\/strong><\/p>\n<p>Jan Off ist ein deutscher Schriftsteller. Der Titel des gef\u00f6rderten Romans lautet &#8222;Nichts wird sich niemals nirgendwo \u00e4ndern&#8220;.<\/p>\n<\/div><div class=\"fusion-clearfix\"><\/div><\/div><\/div><div class=\"fusion-layout-column fusion_builder_column fusion-builder-column-3 fusion_builder_column_1_1 1_1 fusion-one-full fusion-column-first fusion-column-last\" style=\"margin-top:0px;margin-bottom:0px;\"><div class=\"fusion-column-wrapper fusion-flex-column-wrapper-legacy\" style=\"background-position:left top;background-repeat:no-repeat;-webkit-background-size:cover;-moz-background-size:cover;-o-background-size:cover;background-size:cover;padding: 0px 0px 0px 0px;\"><style type=\"text\/css\"><\/style><div class=\"fusion-title title fusion-title-2 fusion-title-center fusion-title-text fusion-title-size-two\" style=\"margin-top:0px;margin-right:0px;margin-bottom:31px;margin-left:0px;\"><div class=\"title-sep-container title-sep-container-left\"><div class=\"title-sep sep-single sep-solid\" style=\"border-color:#e0dede;\"><\/div><\/div><h2 class=\"title-heading-center\" style=\"margin:0;\"><\/h2><div class=\"title-sep-container title-sep-container-right\"><div class=\"title-sep sep-single sep-solid\" style=\"border-color:#e0dede;\"><\/div><\/div><\/div><div class=\"fusion-clearfix\"><\/div><\/div><\/div><div class=\"fusion-layout-column fusion_builder_column fusion-builder-column-4 fusion_builder_column_1_1 1_1 fusion-one-full fusion-column-first fusion-column-last\" style=\"margin-top:0px;margin-bottom:0px;\"><div class=\"fusion-column-wrapper fusion-flex-column-wrapper-legacy\" style=\"background-position:left top;background-repeat:no-repeat;-webkit-background-size:cover;-moz-background-size:cover;-o-background-size:cover;background-size:cover;padding: 0px 0px 0px 0px;\"><div class=\"fusion-text fusion-text-4\"><\/div><span class=\" fusion-imageframe imageframe-none imageframe-2 hover-type-none\" style=\"width:100%;max-width:200;\"><img decoding=\"async\" width=\"297\" height=\"300\" title=\"Sonja Ruf\" src=\"http:\/\/stiftung-literatur.de\/wp-content\/uploads\/2019\/12\/Sonja-Ruf-297x300.jpg\" class=\"img-responsive wp-image-285\" srcset=\"http:\/\/stiftung-literatur.de\/wp-content\/uploads\/2019\/12\/Sonja-Ruf-200x202.jpg 200w, http:\/\/stiftung-literatur.de\/wp-content\/uploads\/2019\/12\/Sonja-Ruf.jpg 354w\" sizes=\"(max-width: 800px) 100vw, 297px\" \/><\/span><div class=\"fusion-text fusion-text-5\"><p><strong>Sonja Ruf <\/strong>(Foto: Franziska Ruf)<strong><br \/>\n<\/strong><\/p>\n<p>Sonja Ruf (* 10. April 1967 in Pforzheim) ist eine deutsche Schriftstellerin. Der Titel des gef\u00f6rderten Romans lautet &#8222;Kontrolle&#8220;.<\/p>\n<\/div><div class=\"fusion-clearfix\"><\/div><\/div><\/div><div class=\"fusion-layout-column fusion_builder_column fusion-builder-column-5 fusion_builder_column_1_1 1_1 fusion-one-full fusion-column-first fusion-column-last\" style=\"margin-top:0px;margin-bottom:0px;\"><div class=\"fusion-column-wrapper fusion-flex-column-wrapper-legacy\" style=\"background-position:left top;background-repeat:no-repeat;-webkit-background-size:cover;-moz-background-size:cover;-o-background-size:cover;background-size:cover;padding: 0px 0px 0px 0px;\"><style type=\"text\/css\"><\/style><div class=\"fusion-title title fusion-title-3 fusion-title-center fusion-title-text fusion-title-size-two\" style=\"margin-top:0px;margin-right:0px;margin-bottom:31px;margin-left:0px;\"><div class=\"title-sep-container title-sep-container-left\"><div class=\"title-sep sep-single sep-solid\" style=\"border-color:#e0dede;\"><\/div><\/div><h2 class=\"title-heading-center\" style=\"margin:0;\"><\/h2><div class=\"title-sep-container title-sep-container-right\"><div class=\"title-sep sep-single sep-solid\" style=\"border-color:#e0dede;\"><\/div><\/div><\/div><div class=\"fusion-clearfix\"><\/div><\/div><\/div><div class=\"fusion-layout-column fusion_builder_column fusion-builder-column-6 fusion_builder_column_1_1 1_1 fusion-one-full fusion-column-first fusion-column-last\" style=\"margin-top:0px;margin-bottom:0px;\"><div class=\"fusion-column-wrapper fusion-flex-column-wrapper-legacy\" style=\"background-position:left top;background-repeat:no-repeat;-webkit-background-size:cover;-moz-background-size:cover;-o-background-size:cover;background-size:cover;padding: 0px 0px 0px 0px;\"><div class=\"fusion-text fusion-text-6\"><\/div><span class=\" fusion-imageframe imageframe-none imageframe-3 hover-type-none\" style=\"width:100%;max-width:200;\"><img decoding=\"async\" width=\"289\" height=\"300\" title=\"Roberto Domez\" src=\"http:\/\/stiftung-literatur.de\/wp-content\/uploads\/2019\/12\/Roberto-Domez-289x300.jpg\" class=\"img-responsive wp-image-284\" srcset=\"http:\/\/stiftung-literatur.de\/wp-content\/uploads\/2019\/12\/Roberto-Domez-200x207.jpg 200w, http:\/\/stiftung-literatur.de\/wp-content\/uploads\/2019\/12\/Roberto-Domez.jpg 352w\" sizes=\"(max-width: 800px) 100vw, 289px\" \/><\/span><div class=\"fusion-text fusion-text-7\"><p><strong>Robert Domes <\/strong>(Foto: Simone Schatz )<strong><br \/>\n<\/strong><\/p>\n<p>Robert Domes (* 27. Oktober 1961 in Ichenhausen, Bayern) ist ein deutscher Journalist und Schriftsteller. Der Titel des gef\u00f6rderten Romans lautet &#8222;Das Weinen der Nutrias&#8220;.<\/p>\n<\/div><div class=\"fusion-clearfix\"><\/div><\/div><\/div><div class=\"fusion-layout-column fusion_builder_column fusion-builder-column-7 fusion_builder_column_1_1 1_1 fusion-one-full fusion-column-first fusion-column-last\" style=\"margin-top:0px;margin-bottom:0px;\"><div class=\"fusion-column-wrapper fusion-flex-column-wrapper-legacy\" style=\"background-position:left top;background-repeat:no-repeat;-webkit-background-size:cover;-moz-background-size:cover;-o-background-size:cover;background-size:cover;padding: 0px 0px 0px 0px;\"><style type=\"text\/css\"><\/style><div class=\"fusion-title title fusion-title-4 fusion-title-center fusion-title-text fusion-title-size-two\" style=\"margin-top:0px;margin-right:0px;margin-bottom:31px;margin-left:0px;\"><div class=\"title-sep-container title-sep-container-left\"><div class=\"title-sep sep-single sep-solid\" style=\"border-color:#e0dede;\"><\/div><\/div><h2 class=\"title-heading-center\" style=\"margin:0;\"><\/h2><div class=\"title-sep-container title-sep-container-right\"><div class=\"title-sep sep-single sep-solid\" style=\"border-color:#e0dede;\"><\/div><\/div><\/div><div class=\"fusion-clearfix\"><\/div><\/div><\/div><div class=\"fusion-layout-column fusion_builder_column fusion-builder-column-8 fusion_builder_column_1_1 1_1 fusion-one-full fusion-column-first fusion-column-last\" style=\"margin-top:0px;margin-bottom:0px;\"><div class=\"fusion-column-wrapper fusion-flex-column-wrapper-legacy\" style=\"background-position:left top;background-repeat:no-repeat;-webkit-background-size:cover;-moz-background-size:cover;-o-background-size:cover;background-size:cover;padding: 0px 0px 0px 0px;\"><div class=\"fusion-text fusion-text-8\"><\/div><span class=\" fusion-imageframe imageframe-none imageframe-4 hover-type-none\" style=\"width:100%;max-width:200;\"><img decoding=\"async\" width=\"296\" height=\"300\" title=\"Lach Willi Achten\" src=\"http:\/\/stiftung-literatur.de\/wp-content\/uploads\/2019\/12\/Lach-Willi-Achten-296x300.jpg\" class=\"img-responsive wp-image-283\" srcset=\"http:\/\/stiftung-literatur.de\/wp-content\/uploads\/2019\/12\/Lach-Willi-Achten-200x203.jpg 200w, http:\/\/stiftung-literatur.de\/wp-content\/uploads\/2019\/12\/Lach-Willi-Achten.jpg 353w\" sizes=\"(max-width: 800px) 100vw, 296px\" \/><\/span><div class=\"fusion-text fusion-text-9\"><p><strong>Willi Achten<\/strong><\/p>\n<p>Willi Achten wuchs in einem Dorf am Nieder\u00adrhein auf. Er studierte in Bonn und K\u00f6ln. Seit den fr\u00fchen 1990er-Jahren ist er als Schriftsteller t\u00e4tig. Er ist verheiratet und hat zwei S\u00f6hne. Willi Achten lebt im niederl\u00e4ndischen Vaals bei Aachen. Der Titel des gef\u00f6rderten Romans lautet &#8222;Die wir liebten&#8220;.<\/p>\n<\/div><div class=\"fusion-clearfix\"><\/div><\/div><\/div><div class=\"fusion-layout-column fusion_builder_column fusion-builder-column-9 fusion_builder_column_1_1 1_1 fusion-one-full fusion-column-first fusion-column-last\" style=\"margin-top:0px;margin-bottom:0px;\"><div class=\"fusion-column-wrapper fusion-flex-column-wrapper-legacy\" style=\"background-position:left top;background-repeat:no-repeat;-webkit-background-size:cover;-moz-background-size:cover;-o-background-size:cover;background-size:cover;padding: 0px 0px 0px 0px;\"><style type=\"text\/css\"><\/style><div class=\"fusion-title title fusion-title-5 fusion-title-center fusion-title-text fusion-title-size-two\" style=\"margin-top:0px;margin-right:0px;margin-bottom:31px;margin-left:0px;\"><div class=\"title-sep-container title-sep-container-left\"><div class=\"title-sep sep-single sep-solid\" style=\"border-color:#e0dede;\"><\/div><\/div><h2 class=\"title-heading-center\" style=\"margin:0;\"><\/h2><div class=\"title-sep-container title-sep-container-right\"><div class=\"title-sep sep-single sep-solid\" style=\"border-color:#e0dede;\"><\/div><\/div><\/div><div class=\"fusion-clearfix\"><\/div><\/div><\/div><div class=\"fusion-layout-column fusion_builder_column fusion-builder-column-10 fusion_builder_column_1_1 1_1 fusion-one-full fusion-column-first fusion-column-last\" style=\"margin-top:0px;margin-bottom:0px;\"><div class=\"fusion-column-wrapper fusion-flex-column-wrapper-legacy\" style=\"background-position:left top;background-repeat:no-repeat;-webkit-background-size:cover;-moz-background-size:cover;-o-background-size:cover;background-size:cover;padding: 0px 0px 0px 0px;\"><div class=\"fusion-text fusion-text-10\"><\/div><span class=\" fusion-imageframe imageframe-none imageframe-5 hover-type-none\" style=\"width:100%;max-width:200;\"><img decoding=\"async\" width=\"297\" height=\"300\" title=\"SEIDL\" src=\"http:\/\/stiftung-literatur.de\/wp-content\/uploads\/2019\/03\/SEIDL-297x300.jpg\" class=\"img-responsive wp-image-264\" srcset=\"http:\/\/stiftung-literatur.de\/wp-content\/uploads\/2019\/03\/SEIDL-200x202.jpg 200w, http:\/\/stiftung-literatur.de\/wp-content\/uploads\/2019\/03\/SEIDL.jpg 354w\" sizes=\"(max-width: 800px) 100vw, 297px\" \/><\/span><div class=\"fusion-text fusion-text-11\"><p><strong>Leonhard F. Seidl<\/strong><\/p>\n<p>Leonhard F. Seidl, 1976 in M\u00fcnchen geboren, lebt als freier Schriftsteller in F\u00fcrth. Er erh\u00e4lt die Unterst\u00fctzung der Stiftung Literatur f\u00fcr sein Romanprojekt \u201eArsen\u201c.<\/p>\n<\/div><div class=\"fusion-clearfix\"><\/div><\/div><\/div><div class=\"fusion-layout-column fusion_builder_column fusion-builder-column-11 fusion_builder_column_1_1 1_1 fusion-one-full fusion-column-first fusion-column-last\" style=\"margin-top:0px;margin-bottom:0px;\"><div class=\"fusion-column-wrapper fusion-flex-column-wrapper-legacy\" style=\"background-position:left top;background-repeat:no-repeat;-webkit-background-size:cover;-moz-background-size:cover;-o-background-size:cover;background-size:cover;padding: 0px 0px 0px 0px;\"><style type=\"text\/css\"><\/style><div class=\"fusion-title title fusion-title-6 fusion-title-center fusion-title-text fusion-title-size-two\" style=\"margin-top:0px;margin-right:0px;margin-bottom:31px;margin-left:0px;\"><div class=\"title-sep-container title-sep-container-left\"><div class=\"title-sep sep-single sep-solid\" style=\"border-color:#e0dede;\"><\/div><\/div><h2 class=\"title-heading-center\" style=\"margin:0;\"><\/h2><div class=\"title-sep-container title-sep-container-right\"><div class=\"title-sep sep-single sep-solid\" style=\"border-color:#e0dede;\"><\/div><\/div><\/div><div class=\"fusion-clearfix\"><\/div><\/div><\/div><div class=\"fusion-layout-column fusion_builder_column fusion-builder-column-12 fusion_builder_column_1_1 1_1 fusion-one-full fusion-column-first fusion-column-last\" style=\"margin-top:0px;margin-bottom:0px;\"><div class=\"fusion-column-wrapper fusion-flex-column-wrapper-legacy\" style=\"background-position:left top;background-repeat:no-repeat;-webkit-background-size:cover;-moz-background-size:cover;-o-background-size:cover;background-size:cover;padding: 0px 0px 0px 0px;\"><div class=\"fusion-text fusion-text-12\"><\/div><span class=\" fusion-imageframe imageframe-none imageframe-6 hover-type-none\"><img decoding=\"async\" width=\"296\" height=\"300\" title=\"STAHL\" src=\"http:\/\/stiftung-literatur.de\/wp-content\/uploads\/2019\/03\/STAHL-296x300.jpg\" class=\"img-responsive wp-image-263\" srcset=\"http:\/\/stiftung-literatur.de\/wp-content\/uploads\/2019\/03\/STAHL-200x203.jpg 200w, http:\/\/stiftung-literatur.de\/wp-content\/uploads\/2019\/03\/STAHL.jpg 354w\" sizes=\"(max-width: 800px) 100vw, 296px\" \/><\/span><div class=\"fusion-text fusion-text-13\"><p><strong>Enno Stahl<\/strong><\/p>\n<p>Enno Stahl, 1962 in Rheinhausen geboren, lebt als Autor und Literaturwissenschaftler in Neuss. \u00a0Er erh\u00e4lt die Unterst\u00fctzung der Stiftung Literatur f\u00fcr sein Romanprojekt \u201eSredzki Ecke Rykestra\u00dfe\u201c.<\/p>\n<\/div><div class=\"fusion-clearfix\"><\/div><\/div><\/div><div class=\"fusion-layout-column fusion_builder_column fusion-builder-column-13 fusion_builder_column_1_1 1_1 fusion-one-full fusion-column-first fusion-column-last\" style=\"margin-top:0px;margin-bottom:0px;\"><div class=\"fusion-column-wrapper fusion-flex-column-wrapper-legacy\" style=\"background-position:left top;background-repeat:no-repeat;-webkit-background-size:cover;-moz-background-size:cover;-o-background-size:cover;background-size:cover;padding: 0px 0px 0px 0px;\"><style type=\"text\/css\"><\/style><div class=\"fusion-title title fusion-title-7 fusion-title-center fusion-title-text fusion-title-size-two\" style=\"margin-top:0px;margin-right:0px;margin-bottom:31px;margin-left:0px;\"><div class=\"title-sep-container title-sep-container-left\"><div class=\"title-sep sep-single sep-solid\" style=\"border-color:#e0dede;\"><\/div><\/div><h2 class=\"title-heading-center\" style=\"margin:0;\"><\/h2><div class=\"title-sep-container title-sep-container-right\"><div class=\"title-sep sep-single sep-solid\" style=\"border-color:#e0dede;\"><\/div><\/div><\/div><div class=\"fusion-clearfix\"><\/div><\/div><\/div><\/div><\/div>\n","protected":false},"excerpt":{"rendered":"","protected":false},"author":1,"featured_media":0,"parent":0,"menu_order":0,"comment_status":"closed","ping_status":"closed","template":"","meta":{"footnotes":""},"class_list":["post-14","page","type-page","status-publish","hentry"],"_links":{"self":[{"href":"http:\/\/stiftung-literatur.de\/index.php?rest_route=\/wp\/v2\/pages\/14","targetHints":{"allow":["GET"]}}],"collection":[{"href":"http:\/\/stiftung-literatur.de\/index.php?rest_route=\/wp\/v2\/pages"}],"about":[{"href":"http:\/\/stiftung-literatur.de\/index.php?rest_route=\/wp\/v2\/types\/page"}],"author":[{"embeddable":true,"href":"http:\/\/stiftung-literatur.de\/index.php?rest_route=\/wp\/v2\/users\/1"}],"replies":[{"embeddable":true,"href":"http:\/\/stiftung-literatur.de\/index.php?rest_route=%2Fwp%2Fv2%2Fcomments&post=14"}],"version-history":[{"count":31,"href":"http:\/\/stiftung-literatur.de\/index.php?rest_route=\/wp\/v2\/pages\/14\/revisions"}],"predecessor-version":[{"id":301,"href":"http:\/\/stiftung-literatur.de\/index.php?rest_route=\/wp\/v2\/pages\/14\/revisions\/301"}],"wp:attachment":[{"href":"http:\/\/stiftung-literatur.de\/index.php?rest_route=%2Fwp%2Fv2%2Fmedia&parent=14"}],"curies":[{"name":"wp","href":"https:\/\/api.w.org\/{rel}","templated":true}]}}